{"id":44589,"date":"2020-04-11T14:04:10","date_gmt":"2020-05-21T03:37:17","guid":{"rendered":"https:\/\/bombmagic.tw\/store\/?post_type=product&#038;p=44589"},"modified":"2026-03-13T04:16:26","modified_gmt":"2026-03-12T20:16:26","slug":"corona-playing-cards","status":"publish","type":"product","link":"https:\/\/bombmagic.tw\/store\/ja\/product\/corona-playing-cards\/","title":{"rendered":"CORONA\u592a\u967d\u795e\u3000\u30d8\u30ea\u30aa\u30b9\u3000\u30a8 \u30c7\u30a3\u30b7\u30e7\u30f3"},"content":{"rendered":"<div id=\"video-0Y-ciuIVjaU\" class=\"arve-wrapper\" data-arve-mode=\"normal\" data-arve-provider=\"youtube\" itemscope itemtype=\"http:\/\/schema.org\/VideoObject\"><span class=\"arve-embed-container\"><meta itemprop=\"embedURL\" content=\"https:\/\/www.youtube-nocookie.com\/embed\/0Y-ciuIVjaU?iv_load_policy=3&amp;modestbranding=1&amp;rel=0&amp;autohide=1&amp;playsinline=1&amp;autoplay=0\"><iframe allowfullscreen class=\"arve-iframe fitvidsignore\" frameborder=\"0\" scrolling=\"no\" src=\"https:\/\/www.youtube-nocookie.com\/embed\/0Y-ciuIVjaU?iv_load_policy=3&#038;modestbranding=1&#038;rel=0&#038;autohide=1&#038;playsinline=1&#038;autoplay=0\" width=\"480\" height=\"270\"><\/iframe><\/span><\/div>\n<h2><span style=\"color: #333399;\"><strong>\u88cf\u8a71<\/strong><\/span><\/h2>\n<blockquote><p>\u3053\u306e\u30d7\u30ed\u30b8\u30a7\u30af\u30c8\u306f\u30d9\u30c8\u30ca\u30e0\u306e\u30b5\u30a4\u30b4\u30f3\u306b\u3042\u308biV\u30c1\u30fc\u30e0\u306e\u5c0f\u3055\u306a\u30d7\u30ed\u30b8\u30a7\u30af\u30c8\u304b\u3089\u59cb\u307e\u308a\u307e\u3057\u305f\u3002<a href=\"https:\/\/www.instagram.com\/theivinsiders\/\" target=\"_blank\" rel=\"noopener noreferrer\"><span class=\"bold\">iV<\/span><\/a>\u30c1\u30fc\u30e0\u306f\u4e16\u9593\u306b\u30ab\u30fc\u30c7\u30a3\u30b9\u30c8\u30ea\u30fc\u3068\u5947\u8853\u3092\u62e1\u3052\u308b\u305f\u3081\u52aa\u529b\u3057\u3066\u3044\u308b\u30b0\u30eb\u30fc\u30d7\u3067\u3059\u3002\u53e4\u4ee3\u30d9\u30c8\u30ca\u30e0\u306e\u6587\u5316\u3092\u4eca\u73fe\u5728\u306e\u30b3\u30df\u30e5\u30cb\u30c6\u30a3\u306b\u6301\u3061\u8fbc\u307f\u3001\u6b74\u53f2\u4f1d\u7d71\u304b\u3089\u767a\u60f3\u3092\u5f97\u3066\u3044\u307e\u3059\u3002\u65ac\u65b0\u3067\u30e6\u30cb\u30fc\u30af\u306a\u9752\u9285\u5668\u6642\u4ee3\u3092\u601d\u3044\u51fa\u3059\u3053\u3068\u306e\u3067\u304d\u308b\u4f5c\u54c1\u3092\u5275\u308d\u3046\u3068\u8003\u3048\u3066\u3044\u307e\u3059\u3002\u305d\u306e\u305f\u3081\u3001\u6700\u3082\u9752\u9285\u5668\u6642\u4ee3\u3092\u4ee3\u8868\u3059\u308b\u30c9\u30f3\u30bd\u30f3\u6587\u5316<strong>\uff08\u0110\u00f4ng S\u01a1n culture\uff0c\u897f\u66a6\u524d700-100\u5e74\uff09<\/strong>\u306b\u3057\u307e\u3057\u305f\u3002\u9752\u9285\u5668\u9f13\u306e<strong>Ngoc Lu<\/strong>\u3068<strong>Dong Son<\/strong>\u306e\u56de\u308a\u306b\u975e\u5e38\u306b\u7d30\u5de5\u304c\u3044\u3044\u5f6b\u308a\u8fbc\u307f\u304c\u3042\u308a\u3001\u958b\u56fd\u306e\u793e\u4ea4\u6587\u5316\u306e\u8d77\u6e90\u3092\u8868\u3057\u3066\u3044\u307e\u3059\u3002\u3053\u306e\u5f6b\u308a\u7269\u306f\u592a\u967d\u3092\u4e2d\u5fc3\u306b\u3057\u3001\u796d\u7940\u4eba\u7269\u3001\u4e09\u89d2\u6728\u5e7e\u4f55\u6a21\u69d8\u3001\u30d9\u30c8\u30ca\u30e0\u795e\u8a71\u9ce5\u3001\u9e7f\u3001\u751f\u6d3b\u3057\u3066\u308b\u96c6\u843d\u304c\u3042\u308a\u307e\u3059\u3002<strong>\u4e2d\u592e\u306b\u3042\u308b\u592a\u967d\u3092\u793a\u3059\u30c7\u30b6\u30a4\u30f3\u304b\u3089\u3044\u304f\u3064\u304b\u306e\u7dda\u304c\u4f38\u3073\u3066\u304a\u308a\u3001\u305d\u306e\u6642\u4ee3\u306e\u592a\u967d\u306e\u91cd\u8981\u6027\u3084\u5168\u3066\u306e\u3082\u306e\u304c\u7e4b\u304c\u3063\u3066\u3044\u308b\u3053\u3068\u3092\u8868\u3057\u307e\u3057\u305f\u3002<\/strong><\/p><\/blockquote>\n<div class=\"template asset\" contenteditable=\"false\" data-alt-text=\"\" data-caption=\"Modern Dong Son Ngoc Lu Pattern\" data-id=\"26507138\">\n<figure><img class=\"fit lazyloaded\" src=\"https:\/\/ksr-ugc.imgix.net\/assets\/026\/507\/138\/a1ea8b1a3c005473663958e7d6f6dcc5_original.jpg?ixlib=rb-2.1.0&amp;w=680&amp;fit=max&amp;v=1568722700&amp;auto=format&amp;frame=1&amp;q=92&amp;s=01f8c5d7d8781fcd875166c31c76efea\" alt=\"\" data-src=\"https:\/\/ksr-ugc.imgix.net\/assets\/026\/507\/138\/a1ea8b1a3c005473663958e7d6f6dcc5_original.jpg?ixlib=rb-2.1.0&amp;w=680&amp;fit=max&amp;v=1568722700&amp;auto=format&amp;frame=1&amp;q=92&amp;s=01f8c5d7d8781fcd875166c31c76efea\" \/><\/figure>\n<\/div>\n<p>&nbsp;<\/p>\n<p>\u3053\u306e\u30c7\u30c3\u30af\u306e\u8a95\u751f\u306f2014\u5e74\u306b\u9061\u308a\u3001\u30b5\u30a4\u30b4\u30f3\u3067\u6709\u540d\u306a\u30a4\u30e9\u30b9\u30c8\u30ec\u30fc\u30bf\u30fc\u3001<a href=\"https:\/\/www.instagram.com\/tuyetduyet\" target=\"_blank\" rel=\"noopener noreferrer\"><span class=\"bold\">Khanh<\/span><\/a>\u304c\u30c7\u30b6\u30a4\u30f3\u3057\u307e\u3057\u305f\u3002\u5f7c\u3082<a href=\"https:\/\/www.instagram.com\/tuyetduyetstudio\" target=\"_blank\" rel=\"noopener noreferrer\"><span class=\"bold\">Tuy\u1ec7t Duy\u1ec7t<\/span><\/a>\u306e\u30b0\u30e9\u30d5\u30a3\u30c3\u30af\u3000\u30c7\u30b6\u30a4\u30ca\u30fc\u3068\u3057\u3066\u77e5\u3089\u308c\u3066\u3044\u307e\u3059\u3002\u6700\u521d\u306fCORONA\u306e\u540d\u524d\u3067\u306f\u306a\u304f\u3001\u76f4\u63a5\u30c9\u30f3\u30bd\u30f3\u6587\u5316\u3088\u308a\u3010<a href=\"https:\/\/www.indiegogo.com\/projects\/doong-doong-playing-cards\/\" target=\"_blank\" rel=\"noopener noreferrer\"><strong><span class=\"bold\"><u>\u0110\u00f4ng \u0110\u00f4ng Playing Cards<\/u><\/span><\/strong><\/a>\u3011\u3068\u540d\u4ed8\u3051\u305f\u306e\u3067\u3059\u30022017\u5e74\u3001\u5f0a\u793e\u306e<strong>BOMBMAGIC<\/strong>\uff06<strong><a href=\"https:\/\/tw.cards\/\" target=\"_blank\" rel=\"noopener noreferrer\"><span class=\"bold\"><u>Taiwan Playing Cards CO.<\/u><\/span><\/a> <\/strong>\u306b\u8457\u4f5c\u6a29\u3092\u8ca9\u58f2\u3055\u308c\u3066CORONA\u306e\u540d\u524d\u306b\u5909\u66f4\u3057\u307e\u3057\u305f\u3002iV\u30c1\u30fc\u30e0\u3068 Khanh\u3068\u306e\u30b3\u30e9\u30dc\u306f7\u5e74\u306e\u6642\u9593\u3092\u7d4c\u3066\u3001\u3088\u3046\u3084\u304fCORONA\u3000\u30b7\u30ea\u30fc\u30ba\u3092\u5b8c\u6210\u3059\u308b\u3053\u3068\u304c\u3067\u304d\u307e\u3057\u305f\u3002<strong><a href=\"..\/corona-playing-cards-louyue-edition\/\"><u>CORONA LUOYUE\u3000\u30ed\u30a9\u30e6\u30fc\u30ea\u30df\u30c6\u30a3\u30c9\u30a8\u30c7\u30a3\u30b7\u30e7\u30f3<\/u><\/a><\/strong>\u3082\u542b\u307e\u308c\u3066\u3088\u308a\u5927\u304d\u306a\u30d7\u30ed\u30b8\u30a7\u30af\u30c8\u3001\u7cbe\u5ea6\u304c\u3088\u308a\u9ad8\u3044\u9a5a\u304f\u3079\u304d\u4f5c\u54c1\u304c\u8a95\u751f\u3057\u307e\u3057\u305f\uff01\u307e\u3055\u306b<a href=\"..\/corona-playing-cards-louyue-edition\/\"><strong>\u30a2\u30e1\u30fc\u30b8\u30f3\u30b0\u30b3\u30ec\u30af\u30b7\u30e7\u30f3<\/strong><\/a>\u3067\u3059\u3002<\/p>\n<div class=\"template asset\" contenteditable=\"false\" data-alt-text=\"\" data-caption=\"\" data-id=\"25849776\">\n<figure><img class=\"fit lazyloaded\" src=\"https:\/\/ksr-ugc.imgix.net\/assets\/025\/849\/776\/e2243be1904742ef3c78ff6aa1d0c352_original.jpg?ixlib=rb-2.1.0&amp;w=680&amp;fit=max&amp;v=1563455855&amp;auto=format&amp;frame=1&amp;q=92&amp;s=78f8709b0a36daebedcc0d95240ecc67\" alt=\"\" data-src=\"https:\/\/ksr-ugc.imgix.net\/assets\/025\/849\/776\/e2243be1904742ef3c78ff6aa1d0c352_original.jpg?ixlib=rb-2.1.0&amp;w=680&amp;fit=max&amp;v=1563455855&amp;auto=format&amp;frame=1&amp;q=92&amp;s=78f8709b0a36daebedcc0d95240ecc67\" \/><\/figure>\n<\/div>\n<p>&nbsp;<\/p>\n<p>\u3053\u306e\u30d7\u30ed\u30b8\u30a7\u30af\u30c8\u304c\u6210\u529f\u3057\u305f\u3068\u540c\u6642\u306b\u300cCORONA\u300d\u3092\u5b9a\u7fa9\u3057\u307e\u3057\u305f\u3002<span style=\"color: #ff0000;\"><strong>\u53e4\u4ee3\u30d9\u30c8\u30ca\u30e0\u306e\u4eba\u9054\u306b\u3068\u3063\u3066\u795e\u69d8\u306f\u592a\u967d\u3067\u3042\u308b<\/strong><\/span>\u305f\u3081CORONA\u306e\u540d\u3092\u65b0\u3057\u304f\u4ed8\u3051\u3001\u30d7\u30ed\u30b8\u30a7\u30af\u30c8\u306e\u6838\u5fc3\u304c\u3088\u308a\u660e\u78ba\u306b\u306a\u308a\u307e\u3057\u305f\u3002\u30c7\u30b6\u30a4\u30f3\u306e\u4e2d\u306b\u306f\u5143\u7d20\u3001\u4e38\u5f62\u3001\u4e09\u89d2\u5e7e\u4f55\u6a21\u69d8\u3001\u30d9\u30c8\u30ca\u30e0\u306e\u795e\u8a71\u9ce5\u3001\u9e7f\u3068\u3044\u3063\u305f\u30c9\u30f3\u30bd\u30f3\u6587\u5316\u304c\u6563\u308a\u3070\u3081\u3089\u308c\u3066\u3044\u307e\u3059\u3002\u5de8\u5927\u306a\u9752\u9285\u9f13\u306b\u5f6b\u308a\u8fbc\u307e\u308c\u3066\u3044\u308b\u6a21\u69d8\u306f\u305d\u306e\u6642\u4ee3\u306e\u6280\u8853\u3068\u8cea\u306e\u9ad8\u3055\u3092\u8868\u3057\u3001\u53e4\u4ee3\u30d9\u30c8\u30ca\u30e0\u306e\u5148\u7956\u9054\u306e\u5049\u5927\u3055\u304c\u898b\u3066\u53d6\u308c\u307e\u3059\u3002<\/p>\n<div class=\"template asset\" contenteditable=\"false\" data-alt-text=\"\" data-caption=\"Modern Dong Son Ngoc Lu Pattern\" data-id=\"26507147\">\n<figure><img class=\"fit lazyloaded\" src=\"https:\/\/ksr-ugc.imgix.net\/assets\/026\/507\/147\/c84309bc393602e66ec7fd1e10e7a500_original.jpg?ixlib=rb-2.1.0&amp;w=680&amp;fit=max&amp;v=1568722775&amp;auto=format&amp;frame=1&amp;q=92&amp;s=c7ae24291085ecd3c71b5c1b941fc844\" alt=\"\" data-src=\"https:\/\/ksr-ugc.imgix.net\/assets\/026\/507\/147\/c84309bc393602e66ec7fd1e10e7a500_original.jpg?ixlib=rb-2.1.0&amp;w=680&amp;fit=max&amp;v=1568722775&amp;auto=format&amp;frame=1&amp;q=92&amp;s=c7ae24291085ecd3c71b5c1b941fc844\" \/><\/figure>\n<\/div>\n<p>&nbsp;<\/p>\n<p><a href=\"https:\/\/bombmagic.tw\/store\/storedata\/uploads\/2019\/10\/CORONA-Playing-Cards-HELIOS-Edition_02.jpg\"><img loading=\"lazy\" class=\"aligncenter size-full wp-image-23968\" src=\"https:\/\/bombmagic.tw\/store\/storedata\/uploads\/2019\/10\/CORONA-Playing-Cards-HELIOS-Edition_02.jpg\" alt=\"\" width=\"1200\" height=\"675\" srcset=\"https:\/\/bombmagic.tw\/store\/storedata\/uploads\/2019\/10\/CORONA-Playing-Cards-HELIOS-Edition_02.jpg 1200w, https:\/\/bombmagic.tw\/store\/storedata\/uploads\/2019\/10\/CORONA-Playing-Cards-HELIOS-Edition_02-300x169.jpg 300w, https:\/\/bombmagic.tw\/store\/storedata\/uploads\/2019\/10\/CORONA-Playing-Cards-HELIOS-Edition_02-768x432.jpg 768w, https:\/\/bombmagic.tw\/store\/storedata\/uploads\/2019\/10\/CORONA-Playing-Cards-HELIOS-Edition_02-1024x576.jpg 1024w, https:\/\/bombmagic.tw\/store\/storedata\/uploads\/2019\/10\/CORONA-Playing-Cards-HELIOS-Edition_02-600x338.jpg 600w\" sizes=\"(max-width: 1200px) 100vw, 1200px\" \/><\/a><\/p>\n<div class=\"template asset\" contenteditable=\"false\" data-alt-text=\"\" data-caption=\"Modern Dong Son Ngoc Lu Pattern\" data-id=\"26507156\">\n<figure><img class=\"fit lazyloaded\" src=\"https:\/\/ksr-ugc.imgix.net\/assets\/026\/507\/156\/fc5b68cab3a9c9dc79ac54e4c7c02f44_original.jpg?ixlib=rb-2.1.0&amp;w=680&amp;fit=max&amp;v=1568722813&amp;auto=format&amp;frame=1&amp;q=92&amp;s=c8f9361a6d3b2f130f954612f27babbd\" alt=\"\" data-src=\"https:\/\/ksr-ugc.imgix.net\/assets\/026\/507\/156\/fc5b68cab3a9c9dc79ac54e4c7c02f44_original.jpg?ixlib=rb-2.1.0&amp;w=680&amp;fit=max&amp;v=1568722813&amp;auto=format&amp;frame=1&amp;q=92&amp;s=c8f9361a6d3b2f130f954612f27babbd\" \/><\/figure>\n<\/div>\n<p>&nbsp;<\/p>\n<p>\u9752\u9285\u9f13\u306e<strong>Ngoc Lu<\/strong>\u3068<strong>Dong Son<\/strong>\u306f\u897f\u66a6\u524d700-100\u5e74\u306e\u30c9\u30f3\u30bd\u30f3\u6587\u5316\u3092\u4ee3\u8868\u3059\u308b\u6b74\u53f2\u907a\u7523\u3067\u3059\u3002\u9752\u9285\u9f13\u306f\u821f\u306e\u3088\u3046\u306a\u5f62\u3067\u3001\u307e\u3055\u306b\u821f\u306b\u4e57\u3063\u3066\u897f\u66a6\u524d\u306e\u53e4\u4ee3\u30d9\u30c8\u30ca\u30e0\u306b\u623b\u3063\u305f\u3088\u3046\u306a\u6c17\u5206\u306b\u3055\u305b\u3066\u304f\u308c\u307e\u3059\u3002\u9f13\u8eab\u306b\u3042\u308b\u591a\u304f\u306e\u5f6b\u308a\u7269\u304c\u53e4\u4ee3\u5148\u7956\u9054\u306e\u751f\u6d3b\u306e\u69d8\u5b50\u3092\u8868\u3057\u3066\u3044\u307e\u3059\u3002\u305d\u308c\u306f\u3053\u306e\u30c7\u30c3\u30af\u306e\u30c6\u30fc\u30de\u3067\u3042\u308a\u3001\u7686\u3055\u3093\u306b\u662f\u975e\u3068\u3082\u611f\u3058\u3066\u3044\u305f\u3060\u304d\u305f\u3044\u3053\u3068\u3067\u3059\u3002<\/p>\n<h2><span style=\"color: #333399;\"><strong>\u7bb1\u306e\u30c7\u30b6\u30a4\u30f3<\/strong><\/span><\/h2>\n<p>CORONA\u306f\u53f0\u6e7eTWPCC\uff08<strong><a href=\"https:\/\/tw.cards\/\" target=\"_blank\" rel=\"noopener noreferrer\"><span class=\"bold\"><u>Taiwan Playing Cards Company<\/u><\/span><\/a><\/strong>\uff09\u3067\u521d\u3081\u3066\u30b3\u30fc\u30eb\u30c9\u30d5\u30a9\u30a4\u30eb\u3092\u7528\u3044\u3066\u751f\u7523\u3055\u308c\u305f\u4f5c\u54c1\u3067\u3059\u3002\u7bb1\u306f\u51f9\u51f8\u30c7\u30b6\u30a4\u30f3\u3067\u9752\u9285\u9f13\u306e\u5f6b\u308a\u8fbc\u307f\u306e\u3088\u3046\u306b\u7acb\u4f53\u611f\u3092\u6301\u305f\u305b\u3066\u3044\u307e\u3059\u3002\u3053\u306e\u3088\u3046\u306a\u7cbe\u5ea6\u304c\u9ad8\u3044\u30c7\u30b6\u30a4\u30f3\u306f\u3084\u306f\u308a\u30b3\u30fc\u30eb\u30c9\u30d5\u30a9\u30a4\u30eb\u306e\u5370\u5237\u3092\u7528\u3044\u3066\u3067\u3057\u304b\u3067\u304d\u306a\u3044\u306e\u3067\u3059\u30020.3mm\u306e\u8ddd\u96e2\u3092\u30c7\u30a3\u30c6\u30fc\u30eb\u307e\u3067\u5b8c\u74a7\u306b\u5370\u5237\u3059\u308b\u3053\u3068\u304c\u3067\u304d\u307e\u3057\u305f\u3002\u3053\u306e\u4f5c\u54c1\u306f\u30b3\u30ec\u30af\u30b7\u30e7\u30f3\u306b\u3082\u30ab\u30fc\u30c7\u30a3\u30b9\u30c8\u30ea\u30fc\u306e\u30d1\u30d5\u30a9\u30fc\u30de\u30f3\u30b9\u306b\u3082\u5411\u3044\u3066\u3044\u307e\u3059\u3002\u76ee\u306b\u3057\u305f\u77ac\u9593\u3001\u4eba\u3005\u306e\u76ee\u3092\u5f15\u304f\u306f\u305a\u3067\u3059\u3002<\/p>\n<h2><span style=\"color: #333399;\"><strong>\u30d0\u30c3\u30af\u306e\u30c7\u30b6\u30a4\u30f3<\/strong><\/span><\/h2>\n<p><a href=\"https:\/\/bombmagic.tw\/store\/storedata\/uploads\/2019\/08\/CORONA-Sketch_02.jpg\"><img loading=\"lazy\" class=\"aligncenter size-full wp-image-23428\" src=\"https:\/\/bombmagic.tw\/store\/storedata\/uploads\/2019\/08\/CORONA-Sketch_02.jpg\" alt=\"\" width=\"800\" height=\"533\" srcset=\"https:\/\/bombmagic.tw\/store\/storedata\/uploads\/2019\/08\/CORONA-Sketch_02.jpg 800w, https:\/\/bombmagic.tw\/store\/storedata\/uploads\/2019\/08\/CORONA-Sketch_02-300x200.jpg 300w, https:\/\/bombmagic.tw\/store\/storedata\/uploads\/2019\/08\/CORONA-Sketch_02-768x512.jpg 768w, https:\/\/bombmagic.tw\/store\/storedata\/uploads\/2019\/08\/CORONA-Sketch_02-600x400.jpg 600w\" sizes=\"(max-width: 800px) 100vw, 800px\" \/><\/a><\/p>\n<p>\u6b21\u306b\u3001\u30ab\u30fc\u30c9\u306e\u80cc\u9762\u3092\u8997\u304d\u306b\u884c\u304d\u307e\u3057\u3087\u3046\u3002\u30c9\u30f3\u30bd\u30f3\u6587\u5316\u306e\u5143\u7d20\u4ee5\u5916\u306f\u4e2d\u592e\u306b\u592a\u967d\u306e\u3088\u3046\u306a\u5927\u304d\u3044\u306a\u4e38\u304c\u3042\u308a\u3001\u3072\u3057\u5f62\u306e\u4e0a\u4e0b\u306b\u306f\u30d9\u30c8\u30ca\u30e0\u795e\u8a71\u9ce5\u304c\u304a\u308a\u3001\u796d\u7940\u4eba\u7269\u306f\u56db\u30b1\u6240\u306b\u3044\u307e\u3059\u3002\u898b\u308c\u3070\u898b\u308b\u307b\u3069\u305f\u304f\u3055\u3093\u306e\u767a\u898b\u304c\u3067\u304d\u307e\u3059\u3002CORONA\u3000\u30b7\u30ea\u30fc\u30ba\u306fTWPCC\uff08<strong><a href=\"https:\/\/tw.cards\/\" target=\"_blank\" rel=\"noopener noreferrer\"><span class=\"bold\"><u>Taiwan Playing Cards CO.<\/u><\/span><\/a>\uff09<\/strong>\u751f\u7523\u5370\u5237\u3001\u6700\u65b0\u7528\u7d19 \u306e<span class=\"bold\"><strong><u>Vintage Stock<\/u><\/strong><\/span>\u3068\u00a0<strong><span class=\"bold\"><u>Legendary Finish<\/u><\/span><\/strong>\u3067\u4ed5\u4e0a\u3052\u307e\u3059\u3002<\/p>\n<div class=\"template asset\" contenteditable=\"false\" data-alt-text=\"\" data-caption=\"The Circle Effect\" data-id=\"26438865\">\n<figure><img class=\"fit js-lazy-image\" src=\"https:\/\/ksr-ugc.imgix.net\/assets\/026\/438\/865\/7bf6af3f1cfa6b5c747168c2614085b2_original.gif?ixlib=rb-2.1.0&amp;w=680&amp;fit=max&amp;v=1568214624&amp;auto=format&amp;gif-q=50&amp;q=92&amp;s=20b9bbc4487b3a42967913797b99acc3\" alt=\"\" data-src=\"https:\/\/ksr-ugc.imgix.net\/assets\/026\/438\/865\/7bf6af3f1cfa6b5c747168c2614085b2_original.gif?ixlib=rb-2.1.0&amp;w=680&amp;fit=max&amp;v=1568214624&amp;auto=format&amp;gif-q=50&amp;q=92&amp;s=20b9bbc4487b3a42967913797b99acc3\" \/><\/figure>\n<\/div>\n<h2><\/h2>\n<h2><span style=\"color: #333399;\"><strong>\u30a8\u30fc\u30b9\u672d\u3068\u30d5\u30a7\u30a4\u30b9\u30ab\u30fc\u30c9\u306e\u30c7\u30b6\u30a4\u30f3<\/strong><\/span><\/h2>\n<p>\u5168\u3066\u306e\u67c4\u306f\u6539\u3081\u3066\u30c7\u30b6\u30a4\u30f3\u3092\u3057\u307e\u3057\u305f\u3002\u7279\u306b\u30b9\u30da\u30fc\u30c8\u30a8\u30fc\u30b9\u306f\u9ec4\u91d1\u6bd4\uff08Golden Ratio\uff09\u306e\u539f\u5247\u3067\u5275\u308a\u307e\u3057\u305f\u3002<\/p>\n<div class=\"template asset\" contenteditable=\"false\" data-alt-text=\"\" data-caption=\"The design based on Golden Ratio\" data-id=\"26769483\">\n<figure><img class=\"fit lazyloaded\" src=\"https:\/\/ksr-ugc.imgix.net\/assets\/026\/769\/483\/039bf5fbacbd81a0813b2d7b3adea263_original.jpg?ixlib=rb-2.1.0&amp;w=680&amp;fit=max&amp;v=1570599408&amp;auto=format&amp;frame=1&amp;q=92&amp;s=77052aeefaa87cce50131b10e52a07b3\" alt=\"\" data-src=\"https:\/\/ksr-ugc.imgix.net\/assets\/026\/769\/483\/039bf5fbacbd81a0813b2d7b3adea263_original.jpg?ixlib=rb-2.1.0&amp;w=680&amp;fit=max&amp;v=1570599408&amp;auto=format&amp;frame=1&amp;q=92&amp;s=77052aeefaa87cce50131b10e52a07b3\" \/><\/figure>\n<\/div>\n<p>&nbsp;<\/p>\n<p>\u30d5\u30a7\u30a4\u30b9\u30ab\u30fc\u30c9\u306f\u65b0\u305f\u306b\u30ce\u30fc\u30dc\u30fc\u30c0\u30fc\u3067\u30c7\u30b6\u30a4\u30f3\u3057\u305f\u3082\u306e\u3067\u3001\u305d\u306e\u4eba\u7269\u306f<span class=\"bold\">\u00a0<\/span><a href=\"https:\/\/www.instagram.com\/theivinsiders\" target=\"_blank\" rel=\"noopener noreferrer\"><span class=\"bold\">iV<\/span><\/a><span class=\"bold\">\u00a0<\/span>\u30c1\u30fc\u30e0\u306e\u30e1\u30f3\u30d0\u30fc\u3067\u3059\u3002\u73fe\u4ee3\u306b\u3044\u308b\u81ea\u5206\u304c\u53e4\u4ee3\u306b\u623b\u3063\u305f\u6c17\u5206\u306b\u306a\u308c\u308b\u3088\u3046\u3001\u73fe\u4ee3\u306e\u8077\u696d\u3067\u4f7f\u3063\u3066\u308b\u300c\u6b66\u5668\u300d\u3092\u624b\u306b\u63e1\u3063\u3066\u3044\u307e\u3059\u3002<\/p>\n<p><a href=\"https:\/\/bombmagic.tw\/store\/storedata\/uploads\/2019\/10\/CORONA-Playing-Cards-HELIOS-Edition_15.jpg\"><img loading=\"lazy\" class=\"aligncenter size-full wp-image-24007\" src=\"https:\/\/bombmagic.tw\/store\/storedata\/uploads\/2019\/10\/CORONA-Playing-Cards-HELIOS-Edition_15.jpg\" alt=\"\" width=\"1200\" height=\"675\" srcset=\"https:\/\/bombmagic.tw\/store\/storedata\/uploads\/2019\/10\/CORONA-Playing-Cards-HELIOS-Edition_15.jpg 1200w, https:\/\/bombmagic.tw\/store\/storedata\/uploads\/2019\/10\/CORONA-Playing-Cards-HELIOS-Edition_15-300x169.jpg 300w, https:\/\/bombmagic.tw\/store\/storedata\/uploads\/2019\/10\/CORONA-Playing-Cards-HELIOS-Edition_15-768x432.jpg 768w, https:\/\/bombmagic.tw\/store\/storedata\/uploads\/2019\/10\/CORONA-Playing-Cards-HELIOS-Edition_15-1024x576.jpg 1024w, https:\/\/bombmagic.tw\/store\/storedata\/uploads\/2019\/10\/CORONA-Playing-Cards-HELIOS-Edition_15-600x338.jpg 600w\" sizes=\"(max-width: 1200px) 100vw, 1200px\" \/><\/a><\/p>\n<div style=\"width: 640px;\" class=\"wp-video\"><!--[if lt IE 9]><script>document.createElement('video');<\/script><![endif]-->\n<video class=\"wp-video-shortcode\" id=\"video-44589-1\" width=\"640\" height=\"360\" preload=\"metadata\" controls=\"controls\"><source type=\"video\/mp4\" src=\"https:\/\/media.bombmagic.tw\/Corona.mp4?_=1\" \/><a href=\"https:\/\/media.bombmagic.tw\/Corona.mp4\">https:\/\/media.bombmagic.tw\/Corona.mp4<\/a><\/video><\/div>\n<p>CORONA\u30b7\u30ea\u30fc\u30ba\u306f7\u5e74\u3092\u7d4c\u3066\u3001\u6e80\u3092\u6301\u3057\u3066\u8a95\u751f\u3057\u307e\u3057\u305f\u3002\u4e0a\u8ff0\u3057\u305f\u30c7\u30b6\u30a4\u30f3\u306e\u8a73\u7d30\u4ee5\u5916\u306b\u3082\u3001\u3055\u3089\u306b\u591a\u3044\u306e\u306f\u9752\u9285\u9f13\u306e<strong>Ngoc Lu<\/strong>\u3068<strong>Dong Son<\/strong>\u304b\u3089\u306e\u5143\u7d20\u3067\u3059\u306e\u3067\u3001\u7686\u3055\u307e\u304c\u305d\u308c\u3089\u3092\u5473\u308f\u3046\u3053\u3068\u3092\u5fc3\u5f85\u3061\u306b\u3057\u3066\u307e\u3059\u3002\u3082\u3061\u308d\u3093\u3001\u3053\u3093\u306a\u306b\u96e3\u6613\u5ea6\u304c\u9ad8\u3044\u4f5c\u54c1\u3092\u51fa\u3059\u305f\u3081\u306b\u306f\u4f55\u5ea6\u3082\u306e\u4fee\u6b63\u3001\u5370\u5237\u30c6\u30b9\u30c8\u304c\u5fc5\u8981\u3067\u3059\u3002\u305f\u304f\u3055\u3093\u306e\u8cbb\u7528\u3001\u6642\u9593\u3001\u7cbe\u795e\u3082\u540c\u69d8\u3067\u3059\u3002\u305d\u306e\u88cf\u8a71\u306f\u5f0a\u793e\u306e\u30c1\u30fc\u30e0\u30e1\u30f3\u30d0\u30fc\u81ea\u8eab\u3057\u304b\u308f\u304b\u3089\u306a\u3044\u4e8b\u3067\u306f\u3042\u308a\u307e\u3059\u304c\u3001\u6211\u3005\u3092\u8a8d\u3081\u3066\u3044\u305f\u3060\u3051\u308b\u7686\u3055\u307e\u306e\u5fdc\u63f4\u304c\u5fc5\u8981\u3067\u3059\u3002<a href=\"..\/corona-playing-cards-wooden-collection\/\"><strong><u>CORONA\uff1a\u539f\u578b\u6728\u7bb1\u30b3\u30ec\u30af\u30b7\u30e7\u30f3<\/u><\/strong><\/a>\u3092\u63d0\u4f9b\u3057\u3066\u304a\u308a\u307e\u3059\u3002\u65e9\u671f\u306e\u30b5\u30f3\u30d7\u30eb\u306e\u30b3\u30ec\u30af\u30b7\u30e7\u30f3\u304c\u3067\u304d\u3001\u30b3\u30fc\u30c9\u756a\u53f7\u4ed8\u304d\u306e\u8a3c\u660e\u66f8\u3068\u624b\u66f8\u304d\u30c7\u30b6\u30a4\u30ca\u30fc\u306e\u30b5\u30a4\u30f3\u3082\u304a\u4ed8\u3051\u3057\u307e\u3059\u3002\u79c1\u9054\u30c1\u30fc\u30e0\u3092\u5fdc\u63f4\u3044\u305f\u3060\u3051\u308b\u65b9\u306f\u305c\u3072\u304a\u9858\u3044\u81f4\u3057\u307e\u3059\u3002<strong>\u3053\u3053\u307e\u3067\u7686\u69d8\u306e\u5fdc\u63f4\u306e\u304a\u304b\u3052\u3067\u30c1\u30fc\u30e0\u30e1\u30f3\u30d0\u30fc\u3001\u88fd\u4f5c\u30c1\u30fc\u30e0\u306f\u52aa\u529b\u3057\u3001\u88fd\u4f5c\u3092\u7d9a\u3051\u308b\u3053\u3068\u304c\u3067\u304d\u307e\u3057\u305f\u3002\u3053\u308c\u304b\u3089\u3082\u3082\u3063\u3068\u7d20\u6674\u3089\u3057\u3044\u4f5c\u54c1\u3092\u3053\u306e\u4e16\u306e\u4e2d\u306b\u751f\u307f\u51fa\u3057\u3066\u3044\u304d\u307e\u3059\u3002<\/strong><\/p>\n","protected":false},"excerpt":{"rendered":"<p>CORONA\u3000\u30d8\u30ea\u30aa\u30b9\u3001\u30c8\u30e9\u30f3\u30d7\u306e\u4f5c\u54c1\u3067\u306f\u3042\u308a\u307e\u3059\u304c\u3001\u7686\u3055\u3093\u306b\u3082\u3063\u3068\u304a\u4f1d\u3048\u3057\u305f\u3044\u306e\u306f\u3053\u306e\u4f5c\u54c1\u306e\u88cf\u306b\u3042\u3075\u308c\u3066\u3044\u308b\u6b74\u53f2\u7269\u8a9e\u3067\u3059\u3002CORONA\u30b7\u30ea\u30fc\u30ba\u306f\u30d9\u30c8\u30ca\u30e0\u9752\u9285\u5668\u6642\u4ee3\u306e\u30c9\u30f3\u30bd\u30f3\u6587\u5316\u304b\u3089\u767a\u60f3\u3055\u308c\u305f\u306e\u3067\u3059 (\u30c9\u30f3\u30bd\u30f3\u6587\u5316\uff1a\u0110\u00f4ng S\u01a1n culture\uff0c\u897f\u66a6\u524d700-100\u5e74)\u9752\u9285\u5668\u9f13\u306eNgoc Lu\u3068Son \u306f\u305d\u306e\u6642\u4ee3\u306e\u4ee3\u8868\u7684\u306a\u6b74\u53f2\u907a\u7523\u3067\u3042\u308a\u3001\u30c7\u30c3\u30af\u306fNgoc Lu\u3068Son\u3068\u540c\u3058\u304f\u592a\u967d\u3092\u4e2d\u5fc3\u306b\u3057\u3001\u5149\u3092\u5468\u308a\u306b\u653e\u3064\u30a4\u30e1\u30fc\u30b8\u3067\u53e4\u4ee3\u30d9\u30c8\u30ca\u30e0\u306e\u592a\u967d\u795e\u3092\u8868\u3057\u3066\u3044\u307e\u3059\u3002\u305d\u306e\u6642\u4ee3\u306e\u5148\u7956\u9054\u3092\u9053\u3078\u5c0e\u3044\u305f\u592a\u967d\u306e\u5149\u306e\u3088\u3046\u306a\u30a4\u30e1\u30fc\u30b8\u3067CORONA\u306e\u540d\u3092\u4ed8\u3051\u305f\u306e\u3067\u3059\u3002CORONA\u30b7\u30ea\u30fc\u30ba\u306f\u53f0\u6e7e\u306e\u30b3\u30fc\u30eb\u30c9\u30d5\u30a9\u30a4\u30eb\u3067\u521d\u3081\u3066\u751f\u7523\u3055\u308c\u305f\u4f5c\u54c1\u3067\u3059\u3002\u30c7\u30a3\u30c6\u30fc\u30eb\u307e\u3067\u9a5a\u304d\u306e\u7cbe\u5ea6\u3067\u3059\u3002\u304a\u304a\u624b\u5143\u306b\u5c4a\u3044\u305f\u969b\u306b\u3001\u3053\u306e\u4f5c\u54c1\u306e\u30c7\u30b6\u30a4\u30f3\u3092\u5b58\u5206\u306b\u611f\u3058\u3066\u3044\u305f\u3060\u3051\u308b\u3053\u3068\u3092\u671f\u5f85\u3057\u307e\u3059\u3002\u9752\u9285\u5668\u9f13\u306e\u3088\u3046\u306b\u3001\u3053\u308c\u304b\u3089\u306e\u672a\u6765\u306b\u5c4a\u304f\u3088\u3046\u7cbe\u9b42\u8fbc\u3081\u3066\u4f5c\u308a\u4e0a\u3052\u307e\u3057\u305f\uff01\u203b\u3082\u3063\u3068CORONA\u30b7\u30ea\u30fc\u30ba\u3092\u3054\u89a7\u306b\u306a\u308a\u305f\u3044\u65b9\u306f\u3053\u3061\u3089\uff1aCORONA LUOYUE\u3000\u30ed\u30a9\u30e6\u30fc\u30ea\u30df\u30c6\u30a3\u30c9\u30a8\u30c7\u30a3\u30b7\u30e7\u30f3<\/p>\n","protected":false},"featured_media":23968,"comment_status":"open","ping_status":"closed","template":"","meta":[],"product_cat":[155,132,129,480,128],"product_tag":[142,587,148,609,610],"aioseo_notices":[],"_links":{"self":[{"href":"https:\/\/bombmagic.tw\/store\/ja\/wp-json\/wp\/v2\/product\/44589"}],"collection":[{"href":"https:\/\/bombmagic.tw\/store\/ja\/wp-json\/wp\/v2\/product"}],"about":[{"href":"https:\/\/bombmagic.tw\/store\/ja\/wp-json\/wp\/v2\/types\/product"}],"replies":[{"embeddable":true,"href":"https:\/\/bombmagic.tw\/store\/ja\/wp-json\/wp\/v2\/comments?post=44589"}],"wp:featuredmedia":[{"embeddable":true,"href":"https:\/\/bombmagic.tw\/store\/ja\/wp-json\/wp\/v2\/media\/23968"}],"wp:attachment":[{"href":"https:\/\/bombmagic.tw\/store\/ja\/wp-json\/wp\/v2\/media?parent=44589"}],"wp:term":[{"taxonomy":"product_cat","embeddable":true,"href":"https:\/\/bombmagic.tw\/store\/ja\/wp-json\/wp\/v2\/product_cat?post=44589"},{"taxonomy":"product_tag","embeddable":true,"href":"https:\/\/bombmagic.tw\/store\/ja\/wp-json\/wp\/v2\/product_tag?post=44589"}],"curies":[{"name":"wp","href":"https:\/\/api.w.org\/{rel}","templated":true}]}}