{"id":10927,"date":"2016-07-29T17:13:03","date_gmt":"2016-07-29T09:13:03","guid":{"rendered":"http:\/\/bombmagic.tw\/store\/?post_type=product&#038;p=10927"},"modified":"2026-03-23T04:24:17","modified_gmt":"2026-03-22T20:24:17","slug":"les-melies-eclipse-ed","status":"publish","type":"product","link":"https:\/\/bombmagic.tw\/store\/product\/les-melies-eclipse-ed\/","title":{"rendered":"Les M\u00e9li\u00e8s: Eclipse Ed."},"content":{"rendered":"<p>Designed with magicians in mind, Les M\u00e9li\u00e8s card deck is simple in concept yet intricately designed to enhance performance for both the magician and his or her audience. The design concept of the card was created by Derek Mckee and Michael Blau who were inspired by the film <i>A Trip to The Moon<\/i> by director George M\u00e9li\u00e8s, a magician himself. Evident in the back illustration is a nod to the film, with a beautiful drawing of the moon in simple black and white.<\/p>\n<p>What makes this deck so great are the clever hidden features throughout the cards, along with a well hidden marking system perfect for magical illusions and mesmerizing your audience. If you\u2019re an avid fan of card magic and illusions, then Les M\u00e9li\u00e8s: Eclipse Edition is a deck you cannot miss out on.<\/p>\n<p><em><strong>Main Features:<\/strong><\/em><\/p>\n<ul>\n<li>Crushed air cushion stock<\/li>\n<li>Hidden marking system<\/li>\n<\/ul>\n","protected":false},"excerpt":{"rendered":"<p>Designed with magicians in mind, Les M\u00e9li\u00e8s card deck is simple in concept yet intricately designed to enhance performance for both the magician and his or her audience. The design concept of the card was created by Derek Mckee and Michael Blau who were inspired by the film A Trip to The Moon by director [&hellip;]<\/p>\n","protected":false},"featured_media":10931,"comment_status":"open","ping_status":"closed","template":"","meta":[],"product_cat":[35,23,327],"product_tag":[464],"aioseo_notices":[],"_links":{"self":[{"href":"https:\/\/bombmagic.tw\/store\/wp-json\/wp\/v2\/product\/10927"}],"collection":[{"href":"https:\/\/bombmagic.tw\/store\/wp-json\/wp\/v2\/product"}],"about":[{"href":"https:\/\/bombmagic.tw\/store\/wp-json\/wp\/v2\/types\/product"}],"replies":[{"embeddable":true,"href":"https:\/\/bombmagic.tw\/store\/wp-json\/wp\/v2\/comments?post=10927"}],"wp:featuredmedia":[{"embeddable":true,"href":"https:\/\/bombmagic.tw\/store\/wp-json\/wp\/v2\/media\/10931"}],"wp:attachment":[{"href":"https:\/\/bombmagic.tw\/store\/wp-json\/wp\/v2\/media?parent=10927"}],"wp:term":[{"taxonomy":"product_cat","embeddable":true,"href":"https:\/\/bombmagic.tw\/store\/wp-json\/wp\/v2\/product_cat?post=10927"},{"taxonomy":"product_tag","embeddable":true,"href":"https:\/\/bombmagic.tw\/store\/wp-json\/wp\/v2\/product_tag?post=10927"}],"curies":[{"name":"wp","href":"https:\/\/api.w.org\/{rel}","templated":true}]}}