{"id":25090,"date":"2020-04-11T14:04:10","date_gmt":"2020-04-13T13:28:47","guid":{"rendered":"https:\/\/bombmagic.tw\/store\/?post_type=product&#038;p=25090"},"modified":"2026-03-23T04:14:22","modified_gmt":"2026-03-22T20:14:22","slug":"corona-playing-cards","status":"publish","type":"product","link":"https:\/\/bombmagic.tw\/store\/zh-hant\/product\/corona-playing-cards\/","title":{"rendered":"\u65e5\u5195\u64b2\u514b\u4e4b\u958b\u7586\u95e2\u571f\uff0eCORONA HELIOS Ed."},"content":{"rendered":"<div style=\"width: 640px;\" class=\"wp-video\"><!--[if lt IE 9]><script>document.createElement('video');<\/script><![endif]-->\n<video class=\"wp-video-shortcode\" id=\"video-25090-1\" width=\"640\" height=\"360\" preload=\"metadata\" controls=\"controls\"><source type=\"video\/mp4\" src=\"https:\/\/media.bombmagic.tw\/CORONA-Official-Trailer.mp4?_=1\" \/><a href=\"https:\/\/media.bombmagic.tw\/CORONA-Official-Trailer.mp4\">https:\/\/media.bombmagic.tw\/CORONA-Official-Trailer.mp4<\/a><\/video><\/div>\n<h2><span style=\"color: #333399;\"><strong>\u958b\u7586\u95e2\u571f\u592a\u967d\u795e\u7248\u4e4b\u5e55\u5f8c\u6545\u4e8b<\/strong><\/span><\/h2>\n<blockquote><p>\u9019\u539f\u672c\u50c5\u662f\u500b\u4f86\u81ea <a href=\"https:\/\/www.instagram.com\/theivinsiders\/\" target=\"_blank\" rel=\"noopener noreferrer\"><span class=\"bold\">iV<\/span><\/a> \u5718\u968a\uff08\u4e00\u500b\u81f4\u529b\u65bc\u793e\u7fa4\u63a8\u5c55\u82b1\u5f0f\u5207\u724c\u8207\u6280\u85dd\u7684\u8d8a\u5357\u897f\u8ca2\u5718\u9ad4\uff09\u7684\u5c0f\u5c08\u6848\uff0c\u4ed6\u5011\u5e0c\u671b\u628a\u8d8a\u5357\u6df5\u9060\u6d41\u9577\u7684\u53e4\u8001\u6587\u5316\u5e36\u5165\u4ed6\u5011\u7684\u751f\u6d3b\u793e\u7fa4\u4e2d\uff0c\u6253\u9020\u5168\u65b0\u7368\u7279\u3001\u6e90\u65bc\u6b77\u53f2\u50b3\u7d71\u3001\u7a7f\u8d8a\u6642\u4ee3\u56de\u9752\u9285\u5668\u6642\u671f\u7684\u4f5c\u54c1\u3002\u56e0\u6b64\uff0c\u9019\u526f\u65e5\u5195\u64b2\u514b\u9748\u611f\u555f\u767c\u81ea\u65bc\u6771\u5c71\u6587\u5316 <strong><span class=\"bold\">(\u0110\u00f4ng S\u01a1n culture\uff0c\u897f\u5143\u524d700-100\u5e74)<\/span><\/strong>\u3002\u5728\u6771\u5c71\u6587\u5316\u4e2d\u00a0 <span class=\"bold\"><strong>Ngoc Lu<\/strong> \u548c <strong>Son<\/strong> \u5169\u6b3e\u9752\u9285\u9f13\u5c31\u662f\u5176\u4e2d\u6700\u5177\u4ee3\u8868\u6027\u7684\u6b77\u53f2\u907a\u7269\uff0c\u6709\u975e\u5e38\u9ad8\u5de5\u85dd\u7684\u88dd\u98fe\u523b\u5de5\u65bc\u9f13\u908a\uff0c\u5c55\u73fe\u6d77\u57df\u570b\u5ea6\u7684\u793e\u4ea4\u6587\u5316\u8d77\u6e90\u3002\u9019\u4e9b\u9f13\u9762\u5de5\u85dd\u5143\u7d20\u5305\u542b\uff1a\u796d\u7940\u4e2d\u7684\u4eba\u5011\u3001\u4e09\u89d2\u5e7e\u4f55\u5f62\u3001\u8d8a\u5357\u9577\u5c3e\u795e\u9ce5\u3001\u9e7f\u3001\u5176\u4ed6\u91ce\u751f\u52d5\u7269\u3001\u4ee5\u53ca\u570d\u7e5e\u592a\u967d\u4e2d\u5fc3\u7684\u805a\u843d\u751f\u6d3b\u3002<strong>\u592a\u967d\uff0c\u5373\u662f\u6574\u500b\u6771\u5c71\u6587\u5316\u7684\u6838\u5fc3\u610f\u7fa9\uff0c\u4e5f\u5728\u6574\u526f\u724c\u4e2d\u5fc3\u8207\u5176\u4ed6\u5143\u7d20\u5f7c\u6b64\u4e92\u76f8\u9023\u7d50\uff0c\u6240\u6709\u7684\u8a2d\u8a08\u8207\u5370\u5237\u751f\u7522\u5de5\u85dd\u90fd\u5c07\u8cab\u7a7f\u6b64\u6838\u5fc3\u4e32\u806f\u8d77\u4f86\u3002<\/strong><\/span><\/p><\/blockquote>\n<div class=\"template asset\" contenteditable=\"false\" data-alt-text=\"\" data-caption=\"Modern Dong Son Ngoc Lu Pattern\" data-id=\"26507138\">\n<figure><img class=\"fit lazyloaded\" src=\"https:\/\/ksr-ugc.imgix.net\/assets\/026\/507\/138\/a1ea8b1a3c005473663958e7d6f6dcc5_original.jpg?ixlib=rb-2.1.0&amp;w=680&amp;fit=max&amp;v=1568722700&amp;auto=format&amp;frame=1&amp;q=92&amp;s=01f8c5d7d8781fcd875166c31c76efea\" alt=\"\" data-src=\"https:\/\/ksr-ugc.imgix.net\/assets\/026\/507\/138\/a1ea8b1a3c005473663958e7d6f6dcc5_original.jpg?ixlib=rb-2.1.0&amp;w=680&amp;fit=max&amp;v=1568722700&amp;auto=format&amp;frame=1&amp;q=92&amp;s=01f8c5d7d8781fcd875166c31c76efea\" \/><\/figure>\n<\/div>\n<p>&nbsp;<\/p>\n<p>\u9019\u526f\u724c\u8a95\u751f\u8981\u8ffd\u6eaf\u56de2014\u5e74\uff0c\u7531\u897f\u8ca2\u77e5\u540d\u7684\u624b\u7e6a\u5e2b\u548c\u5e73\u9762\u8a2d\u8a08\u5e2b <a href=\"https:\/\/www.instagram.com\/tuyetduyet\" target=\"_blank\" rel=\"noopener noreferrer\"><span class=\"bold\">Khanh<\/span><\/a> (\u540c\u70ba\u77e5\u540d\u8a2d\u8a08\u54c1\u724c <a href=\"https:\/\/www.instagram.com\/tuyetduyetstudio\" target=\"_blank\" rel=\"noopener noreferrer\"><span class=\"bold\">Tuy\u1ec7t Duy\u1ec7t<\/span><\/a> \u5275\u8fa6\u4eba) \u8a2d\u8a08\u3002\u9019\u526f\u724c\u8d77\u521d\u4e26\u4e0d\u53eb\u505aCORONA\uff0c\u800c\u662f\u76f4\u63a5\u4ee5\u6771\u5c71\u6587\u5316 <strong><span class=\"bold\">(\u0110\u00f4ng S\u01a1n culture) <\/span><\/strong>\u547d\u540d\u70ba\"<a href=\"https:\/\/www.indiegogo.com\/projects\/doong-doong-playing-cards\/\" target=\"_blank\" rel=\"noopener noreferrer\"><strong><span class=\"bold\"><u>\u0110\u00f4ng \u0110\u00f4ng Playing Cards<\/u><\/span><\/strong><\/a>&#8220;\uff0c\u5f8c\u4f86\u624d\u65bc2017\u5e74\u6539\u540d\u70baCORONA\u4e26\u92b7\u552e\u7248\u6b0a\u4e88\u6211\u5011 <strong><span class=\"bold\">BOMBMAGIC<\/span><\/strong>\u00a0&amp;\u00a0<strong><a href=\"https:\/\/tw.cards\/\" target=\"_blank\" rel=\"noopener noreferrer\"><span class=\"bold\"><u>Taiwan Playing Cards CO.<\/u><\/span><\/a>\u00a0\u3002<\/strong>\u6642\u9694\u4e03\u5e74\uff0c\u5728\u6211\u5011\u5167\u5316\u8207\u76e3\u88fd\u4e4b\u4e0b\u65e5\u5195\u6210\u70ba\u4e86\u66f4\u9f90\u5927\u7684\u5c08\u6848\uff0c\u6211\u5011\u6253\u9020\u51fa\u4e86\u5b8c\u6574\u4e14\u4ee4\u4eba\u9a5a\u8c54\u7684\u7684\u7cfb\u5217\u4f5c\u54c1\uff0c\u5305\u542b<a href=\"..\/corona-playing-cards-louyue-edition\/\"><strong><u>\u958b\u570b\u795e\u8a71\u7f85\u80b2\u53e4\u8463\u7248<\/u><\/strong><\/a>\uff0c\u771f\u6b63\u7a7f\u8d8a\u53e4\u4ee3\u7684\u9a5a\u4eba\u4e4b\u4f5c\uff01<\/p>\n<div class=\"template asset\" contenteditable=\"false\" data-alt-text=\"\" data-caption=\"\" data-id=\"25849776\">\n<figure><img class=\"fit lazyloaded\" src=\"https:\/\/ksr-ugc.imgix.net\/assets\/025\/849\/776\/e2243be1904742ef3c78ff6aa1d0c352_original.jpg?ixlib=rb-2.1.0&amp;w=680&amp;fit=max&amp;v=1563455855&amp;auto=format&amp;frame=1&amp;q=92&amp;s=78f8709b0a36daebedcc0d95240ecc67\" alt=\"\" data-src=\"https:\/\/ksr-ugc.imgix.net\/assets\/025\/849\/776\/e2243be1904742ef3c78ff6aa1d0c352_original.jpg?ixlib=rb-2.1.0&amp;w=680&amp;fit=max&amp;v=1563455855&amp;auto=format&amp;frame=1&amp;q=92&amp;s=78f8709b0a36daebedcc0d95240ecc67\" \/><\/figure>\n<\/div>\n<p>&nbsp;<\/p>\n<p>\u5728\u8c50\u5bcc\u6574\u500b\u4f5c\u54c1\u5c08\u6848\u6642\uff0c\u6211\u5011\u628a\u6574\u500b\u4f5c\u54c1\u5b9a\u7fa9\u70ba\"<strong>\u65e5\u5195<\/strong>&#8220;\u5f8c\uff0c\u6574\u500b\u6838\u5fc3\u66f4\u70ba\u660e\u78ba\u3002\u90a3\u4e9b\u5728 <span class=\"bold\"><strong>Ngoc Lu<\/strong>\u00a0<\/span>\u548c<span class=\"bold\"><strong> Dong Son<\/strong> \u9752\u9285\u9f13\u9762\u7684\u7d30\u7bc0\u50cf\u662f\u796d\u7940\u4eba\u7269\u3001\u8239\u8236\u6230\u58eb\u3001\u8d8a\u5357\u795e\u9ce5\u3001\u9e7f\u548c\u65e5\u5e38\u7528\u54c1\u2026\u7b49\u5143\u7d20\u7686\u570d\u7e5e\u8457\u592a\u967d\uff0c\u540c\u6642\u6536\u9304\u65bc\u6574\u526f\u64b2\u514b\u724c\u7684\u7cbe\u5fc3\u96d5\u7422\u4e2d<\/span>\u3002\u4e2d\u592e<span class=\"bold\">\u7121\u6578\u5c0f\u9ede\u8207\u592a\u967d\u4e4b\u661f\u4f47\u7acb\u5176\u4e2d\uff0c\u8868\u73fe\u7684\u5c31\u662f<\/span><strong><u>\u53e4\u8d8a\u5357\u7684\u592a\u967d\u795e\u610f\u6db5<\/u><\/strong>\u3002CORONA\u662f\u57fa\u65bc\u570d\u7e5e\u5728\u5176\u5468\u908a\u7684\u592a\u967d\u5149\u6688\u800c\u4f86\uff0c\u540c\u6642\u4e5f\u662f\u6307\u5f15\u53e4\u4eba\u958b\u5929\u95e2\u5730\u7684\u91cd\u8981\u7cbe\u795e\u529b\u4f86\u6e90\u3002\u9019\u526f\u64b2\u514b\u724c\u4f5c\u54c1\u5c31\u5982\u540c\u4e00\u5834\u97f3\u6a02\u796d\u7940\u76db\u5bb4\uff0c\u611f\u6069\u5929\u5730\u8cdc\u8207\u7684\u8c50\u6536\uff0c\u7948\u6c42\u8239\u96bb\u51fa\u6d77\u5916\u8cbf\u7684\u5e0c\u671b\u3002<\/p>\n<div class=\"template asset\" contenteditable=\"false\" data-alt-text=\"\" data-caption=\"Modern Dong Son Ngoc Lu Pattern\" data-id=\"26507147\">\n<figure><img class=\"fit lazyloaded\" src=\"https:\/\/ksr-ugc.imgix.net\/assets\/026\/507\/147\/c84309bc393602e66ec7fd1e10e7a500_original.jpg?ixlib=rb-2.1.0&amp;w=680&amp;fit=max&amp;v=1568722775&amp;auto=format&amp;frame=1&amp;q=92&amp;s=c7ae24291085ecd3c71b5c1b941fc844\" alt=\"\" data-src=\"https:\/\/ksr-ugc.imgix.net\/assets\/026\/507\/147\/c84309bc393602e66ec7fd1e10e7a500_original.jpg?ixlib=rb-2.1.0&amp;w=680&amp;fit=max&amp;v=1568722775&amp;auto=format&amp;frame=1&amp;q=92&amp;s=c7ae24291085ecd3c71b5c1b941fc844\" \/><\/figure>\n<\/div>\n<p>&nbsp;<\/p>\n<p><a href=\"https:\/\/bombmagic.tw\/store\/storedata\/uploads\/2019\/10\/CORONA-Playing-Cards-HELIOS-Edition_02.jpg\"><img loading=\"lazy\" class=\"aligncenter size-full wp-image-23967\" src=\"https:\/\/bombmagic.tw\/store\/storedata\/uploads\/2019\/10\/CORONA-Playing-Cards-HELIOS-Edition_02.jpg\" alt=\"\" width=\"1200\" height=\"675\" srcset=\"https:\/\/bombmagic.tw\/store\/storedata\/uploads\/2019\/10\/CORONA-Playing-Cards-HELIOS-Edition_02.jpg 1200w, https:\/\/bombmagic.tw\/store\/storedata\/uploads\/2019\/10\/CORONA-Playing-Cards-HELIOS-Edition_02-300x169.jpg 300w, https:\/\/bombmagic.tw\/store\/storedata\/uploads\/2019\/10\/CORONA-Playing-Cards-HELIOS-Edition_02-768x432.jpg 768w, https:\/\/bombmagic.tw\/store\/storedata\/uploads\/2019\/10\/CORONA-Playing-Cards-HELIOS-Edition_02-1024x576.jpg 1024w, https:\/\/bombmagic.tw\/store\/storedata\/uploads\/2019\/10\/CORONA-Playing-Cards-HELIOS-Edition_02-600x338.jpg 600w\" sizes=\"(max-width: 1200px) 100vw, 1200px\" \/><\/a><\/p>\n<p>&nbsp;<\/p>\n<div class=\"template asset\" contenteditable=\"false\" data-alt-text=\"\" data-caption=\"Modern Dong Son Ngoc Lu Pattern\" data-id=\"26507156\">\n<figure><img class=\"fit lazyloaded\" src=\"https:\/\/ksr-ugc.imgix.net\/assets\/026\/507\/156\/fc5b68cab3a9c9dc79ac54e4c7c02f44_original.jpg?ixlib=rb-2.1.0&amp;w=680&amp;fit=max&amp;v=1568722813&amp;auto=format&amp;frame=1&amp;q=92&amp;s=c8f9361a6d3b2f130f954612f27babbd\" alt=\"\" data-src=\"https:\/\/ksr-ugc.imgix.net\/assets\/026\/507\/156\/fc5b68cab3a9c9dc79ac54e4c7c02f44_original.jpg?ixlib=rb-2.1.0&amp;w=680&amp;fit=max&amp;v=1568722813&amp;auto=format&amp;frame=1&amp;q=92&amp;s=c8f9361a6d3b2f130f954612f27babbd\" \/><\/figure>\n<\/div>\n<p>&nbsp;<\/p>\n<p><span class=\"bold\"><strong>Dong Son<\/strong> \u548c <strong>Ngoc Lu <\/strong>\u9752\u9285\u9f13\u662f\u7576\u6642\u897f\u5143700-100\u5e74\u524d\u5728\u8d8a\u5357\u6700\u80fd\u4ee3\u8868\u6771\u5c71\u6587\u5316\u7684\u6b77\u53f2\u907a\u7269\uff0c\u4ed6\u5011\u5171\u540c\u7279\u5fb5\u662f\u90fd\u662f\u6975\u5de8\u5927\u3001\u9ad8\u5ea6\u5de5\u85dd\u4ee5\u53ca\u5b8c\u7f8e\u7684\u5916\u578b\uff0c\u5145\u5206\u5c55\u73fe\u53e4\u4eba\u5011\u7684\u667a\u6167\u7d50\u6676\u3002\u9f13\u8eab\u7684\u5713\u5f27\u5f62\u72c0\u548c\u51fa\u6d77\u8239\u96bb\u96f7\u540c\uff0c\u6211\u5011\u5e7e\u4e4e\u53ef\u4ee5\u5728\u9019\u6b77\u53f2\u7684\u907a\u7559\u7269\u4e2d\u76f4\u63a5\u7a7f\u8d8a\u56de\u897f\u5143\u524d\uff08\u5225\u5fd8\u4e86\u540c\u5834\u52a0\u6620<a href=\"..\/corona-playing-cards-louyue-edition\/\"><strong><u>\u958b\u570b\u795e\u8a71\u7f85\u80b2\u53e4\u8463\u7248<\/u><\/strong><\/a>\uff09\uff0c\u6574\u500b\u9f13\u8eab\u5c31\u50cf\u795e\u8a71\u6545\u4e8b\u822c\uff0c\u5145\u6eff\u756b\u9762\u7684\u5c55\u793a\u548c\u6558\u8ff0\u8457\u53e4\u6642\u7684\u6240\u6709\u7d30\u7bc0\uff0c\u9019\u4e5f\u662f\u9019\u6b3e\u64b2\u514b\u7cfb\u5217\u4f5c\u54c1\u4e3b\u5f35\u7684\u6838\u5fc3\u7406\u5ff5\u3002\u5728\u7576\u6642\uff0c\u9752\u9285\u9f13\u4e5f\u662f\u88ab\u7528\u4f86\u5e6b\u52a9\u53e4\u8d8a\u5357\u958b\u570b\u5148\u4eba\u5011\u8fa8\u5225\u5e74\u66c6\u7684\u65b9\u5f0f\uff0c\u662f\u5225\u5177\u6df1\u610f\u7684\u6b77\u53f2\u907a\u8de1\u3002<\/span><\/p>\n<h2><span style=\"color: #333399;\"><strong>\u724c\u76d2\u8a2d\u8a08<\/strong><\/span><\/h2>\n<p>\u9664\u4e86\u662f\u81fa\u7063\uff08<strong><a href=\"https:\/\/tw.cards\/\" target=\"_blank\" rel=\"noopener noreferrer\"><span class=\"bold\"><u>Taiwan Playing Cards Company<\/u><\/span><\/a><\/strong>\uff09\u7b2c\u4e00\u6b3e\u51b7\u71d9\u5370\u5237\u8853\u6574\u5408\u7684\u4f5c\u54c1\uff0c\u724c\u76d2\u9084\u505a\u4e86\u6253\u51f8\u8207\u6253\u51f9\u7684\u7acb\u9ad4\u5de5\u85dd\uff0c\u6bd4\u7167\u7cbe\u96d5\u7d30\u7422\u7684\u9752\u9285\u9f13\u3002\u5982\u6b64\u7cbe\u7d30\u7684\u5716\u7a3f\uff0c\u6700\u7d30\u5fae\u9593\u8ddd\u8655\u50c50.3mm\u4e5f\u53ea\u6709\u51b7\u71d9\u5370\u6280\u8853\u53ef\u4ee5\u6e05\u6670\u5b8c\u6574\u7684\u5448\u73fe\u6574\u500b\u624b\u7e6a\u5e2b\u7684\u8655\u7406\u7d30\u7bc0\uff0c\u56e0\u70ba\u50b3\u7d71\u71b1\u71d9\u5370\u6703\u4f7f\u7684\u592a\u7d30\u7bc0\u5448\u73fe\u7684\u4f5c\u54c1\u91d1\u7b94\u7cca\u6210\u584a\u72c0\u3002\u65e5\u5195\u64b2\u514b\uff0c\u4f5c\u70ba\u81fa\u7063\u6700\u9ad8\u751f\u7522\u5de5\u85dd\u7684\u7d30\u7dfb\u5448\u73fe\uff0c\u5c07\u5f88\u9069\u5408\u73cd\u85cf\u628a\u73a9\u3001\u85dd\u8853\u64fa\u98fe\u6216\u8005\u5728\u50cf\u670b\u53cb\u5011\u70ab\u8000\u6642\u5feb\u901f\u7684\u5438\u5f15\u4ed6\u5011\u773c\u7403\u3002<\/p>\n<h2><span style=\"color: #333399;\"><strong>\u724c\u80cc\u8a2d\u8a08<\/strong><\/span><\/h2>\n<p><a href=\"https:\/\/bombmagic.tw\/store\/storedata\/uploads\/2019\/08\/CORONA-Sketch_02.jpg\"><img loading=\"lazy\" class=\"aligncenter size-full wp-image-23427\" src=\"https:\/\/bombmagic.tw\/store\/storedata\/uploads\/2019\/08\/CORONA-Sketch_02.jpg\" alt=\"\" width=\"800\" height=\"533\" srcset=\"https:\/\/bombmagic.tw\/store\/storedata\/uploads\/2019\/08\/CORONA-Sketch_02.jpg 800w, https:\/\/bombmagic.tw\/store\/storedata\/uploads\/2019\/08\/CORONA-Sketch_02-300x200.jpg 300w, https:\/\/bombmagic.tw\/store\/storedata\/uploads\/2019\/08\/CORONA-Sketch_02-768x512.jpg 768w, https:\/\/bombmagic.tw\/store\/storedata\/uploads\/2019\/08\/CORONA-Sketch_02-600x400.jpg 600w\" sizes=\"(max-width: 800px) 100vw, 800px\" \/><\/a><\/p>\n<p><span class=\"bold\">\u7576\u4ee3\u8fd1\u4e4e\u907a\u5931\u7684\u53e4\u5178\u50b3\u7d71\u98a8\u683c\u6e05\u6670\u53ef\u898b\u65bc\u724c\u80cc\u8a2d\u8a08\u4e2d\uff0c\u9664\u4e86\u6771\u5c71\u6587\u5316 <strong>(\u0110\u00f4ng S\u01a1n culture)<\/strong>\u5143\u7d20\uff0c\u4e2d\u592e\u8c61\u5fb5\u592a\u967d\u7684\u5927\u5713\u4e5f\u662f\u91cd\u5fc3\u5747\u8861\u4e4b\u8a2d\u8a08\uff0c\u4e26\u975e\u5e38\u5408\u9069\u65bc\u82b1\u5f0f\u85dd\u8853\u5c55\u73fe\uff0c\u662f\u50b3\u7d71\u6d3e\u98a8\u683c\u7684\u4e0a\u4e58\u8a2d\u8a08\u4e4b\u4f5c\u3002<\/span>\u65e5\u5195\u64b2\u514b\uff1aCORONA \uff0c\u5c07\u7531\u81fa\u7063\u724c\u516c\u53f8\uff08<strong><a href=\"https:\/\/tw.cards\/\" target=\"_blank\" rel=\"noopener noreferrer\"><span class=\"bold\"><u>Taiwan Playing Cards CO.<\/u><\/span><\/a>\uff09\u751f\u7522\u5370\u88fd\uff0c\u4e26\u63a1\u7528\u6700\u65b0\u6539\u826f\u7684\u7d19\u5f35<\/strong><span class=\"bold\">\u00a0<strong><u>Vintage Stock<\/u><\/strong><\/span> \u8207\u5747\u8861\u6ed1\u9806\u4e0a\u5149\u6cb9 <strong><span class=\"bold\"><u>Legendary Finish<\/u><\/span><\/strong>\u3002<\/p>\n<div class=\"template asset\" contenteditable=\"false\" data-alt-text=\"\" data-caption=\"The Circle Effect\" data-id=\"26438865\">\n<figure><img class=\"fit js-lazy-image\" src=\"https:\/\/ksr-ugc.imgix.net\/assets\/026\/438\/865\/7bf6af3f1cfa6b5c747168c2614085b2_original.gif?ixlib=rb-2.1.0&amp;w=680&amp;fit=max&amp;v=1568214624&amp;auto=format&amp;gif-q=50&amp;q=92&amp;s=20b9bbc4487b3a42967913797b99acc3\" alt=\"\" data-src=\"https:\/\/ksr-ugc.imgix.net\/assets\/026\/438\/865\/7bf6af3f1cfa6b5c747168c2614085b2_original.gif?ixlib=rb-2.1.0&amp;w=680&amp;fit=max&amp;v=1568214624&amp;auto=format&amp;gif-q=50&amp;q=92&amp;s=20b9bbc4487b3a42967913797b99acc3\" \/><\/figure>\n<\/div>\n<h2><\/h2>\n<h2><span style=\"color: #333399;\"><strong>Aces &amp; \u4eba\u982d\u724c\u5011<\/strong><\/span><\/h2>\n<p>\u6240\u6709\u7684\u82b1\u8272\u90fd\u662f\u91cd\u65b0\u7d93\u904e\u8a2d\u8a08\u7684\uff0c\u7279\u5225\u7684\u662f\u9ed1\u6843Ace\u66f4\u662f\u9075\u5faa\u9ec3\u91d1\u6bd4\u4f8b\uff08Golden Ratio\uff09\u539f\u5247\u800c\u6210\u3002<\/p>\n<div class=\"template asset\" contenteditable=\"false\" data-alt-text=\"\" data-caption=\"The design based on Golden Ratio\" data-id=\"26769483\">\n<figure><img class=\"fit lazyloaded\" src=\"https:\/\/ksr-ugc.imgix.net\/assets\/026\/769\/483\/039bf5fbacbd81a0813b2d7b3adea263_original.jpg?ixlib=rb-2.1.0&amp;w=680&amp;fit=max&amp;v=1570599408&amp;auto=format&amp;frame=1&amp;q=92&amp;s=77052aeefaa87cce50131b10e52a07b3\" alt=\"\" data-src=\"https:\/\/ksr-ugc.imgix.net\/assets\/026\/769\/483\/039bf5fbacbd81a0813b2d7b3adea263_original.jpg?ixlib=rb-2.1.0&amp;w=680&amp;fit=max&amp;v=1570599408&amp;auto=format&amp;frame=1&amp;q=92&amp;s=77052aeefaa87cce50131b10e52a07b3\" \/><\/figure>\n<\/div>\n<p>&nbsp;<\/p>\n<p>\u4eba\u982d\u724c\u4e5f\u90fd\u5168\u90e8\u91cd\u65b0\u7d93\u904e\u8a2d\u8a08\u7684\u7576\u4ee3\u7121\u908a\u6846\u98a8\u683c\uff0c\u4e14\u591a\u662f<span class=\"bold\">\u00a0<\/span><a href=\"https:\/\/www.instagram.com\/theivinsiders\" target=\"_blank\" rel=\"noopener noreferrer\"><span class=\"bold\">iV<\/span><\/a><span class=\"bold\"> \u5718\u968a\u7684\u4eba\u7269\u3002\u7336\u5982\u73fe\u4ee3\u4eba\u7a7f\u8d8a\u53e4\u4ee3\u4e4b\u4e2d\uff0c\u642d\u914d\u4ed6\u5011\u65bc\u771f\u5be6\u751f\u6d3b\u4e2d\u7684\u8077\u696d\u4f86\u5c55\u793a\u624b\u4e2d\u7684\"<strong>\u5168\u65b0\u6b66\u5668<\/strong>&#8220;\u3002<strong>\u4f60\u8a8d\u7684\u51fa\u4f86\u4ed6\u5011\u662f\u82b1\u5f0f\u6280\u85dd\u9818\u57df\u7684\u54ea\u4e9b\u4eba\u55ce?!!\u00a0<\/strong><\/span><\/p>\n<p><a href=\"https:\/\/bombmagic.tw\/store\/storedata\/uploads\/2019\/10\/CORONA-Playing-Cards-HELIOS-Edition_15.jpg\"><img loading=\"lazy\" class=\"aligncenter size-full wp-image-24006\" src=\"https:\/\/bombmagic.tw\/store\/storedata\/uploads\/2019\/10\/CORONA-Playing-Cards-HELIOS-Edition_15.jpg\" alt=\"\" width=\"1200\" height=\"675\" srcset=\"https:\/\/bombmagic.tw\/store\/storedata\/uploads\/2019\/10\/CORONA-Playing-Cards-HELIOS-Edition_15.jpg 1200w, https:\/\/bombmagic.tw\/store\/storedata\/uploads\/2019\/10\/CORONA-Playing-Cards-HELIOS-Edition_15-300x169.jpg 300w, https:\/\/bombmagic.tw\/store\/storedata\/uploads\/2019\/10\/CORONA-Playing-Cards-HELIOS-Edition_15-768x432.jpg 768w, https:\/\/bombmagic.tw\/store\/storedata\/uploads\/2019\/10\/CORONA-Playing-Cards-HELIOS-Edition_15-1024x576.jpg 1024w, https:\/\/bombmagic.tw\/store\/storedata\/uploads\/2019\/10\/CORONA-Playing-Cards-HELIOS-Edition_15-600x338.jpg 600w\" sizes=\"(max-width: 1200px) 100vw, 1200px\" \/><\/a><\/p>\n<div style=\"width: 640px;\" class=\"wp-video\"><video class=\"wp-video-shortcode\" id=\"video-25090-2\" width=\"640\" height=\"360\" preload=\"metadata\" controls=\"controls\"><source type=\"video\/mp4\" src=\"https:\/\/media.bombmagic.tw\/Corona.mp4?_=2\" \/><a href=\"https:\/\/media.bombmagic.tw\/Corona.mp4\">https:\/\/media.bombmagic.tw\/Corona.mp4<\/a><\/video><\/div>\n<p>\u65e5\u5195\u64b2\u514b\u6642\u9694\u4e03\u5e74\u624d\u771f\u6b63\u8a95\u751f\u65bc\u4e16\uff0c\u9664\u4e86\u4e0a\u8ff0\u63d0\u53ca\u7684\u8a2d\u8a08\u7d30\u7bc0\u4ee5\u5916\uff0c\u66f4\u591a\u662f\u4f86\u81ea <strong>Dong Son<\/strong> \u548c <strong>Ngoc Lu drums \u9752\u9285\u9f13<\/strong>\u7684\u5e7e\u4f55\u5143\u7d20\u7dda\u689d\uff0c\u5f85\u4f60\u7d30\u7d30\u6316\u6398\u54c1\u5473\u3002\u9ad8\u5ea6\u56b4\u82db\u8981\u6c42\u7684\u751f\u7522\u5de5\u85dd\u7d30\u7bc0\u4e5f\u8b93\u6211\u5011\u8017\u8cbb\u9245\u8cc7\uff0c\u9032\u884c\u4e86\u591a\u6b21\u7684\u6a23\u54c1\u751f\u7522\u6e2c\u8a66\u6539\u9032\u3002\u9019\u4e9b\u80cc\u5f8c\u7684\u6545\u4e8b\u591a\u53ea\u6709\u5718\u968a\u81ea\u8eab\u80fd\u4e86\u89e3\uff0c\u73fe\u5728\u6211\u5011\u4ea6\u63d0\u4f9b <a href=\"..\/corona-playing-cards-wooden-collection\/\"><strong><u>\u65e5\u5195\u64b2\u514b\uff1a\u539f\u578b\u6728\u76d2\u6536\u85cf\u7d44\uff0eCORONA Wooden Collection<\/u><\/strong><\/a> \u9650\u91cf\u63d0\u4f9b\u65e9\u671f\u7684\u6a23\u54c1\u6536\u85cf\u7d44\uff0c\u5305\u542b\u8a2d\u8a08\u5e2b\u89aa\u7c3d\u8207\u9650\u91cf\u7de8\u865f\u8b49\u66f8\uff0c\u4e5f\u662f\u5c0d\u6574\u500b\u53c3\u8207\u4f5c\u54c1\u7684\u6210\u54e1\u80af\u5b9a\u53ca\u656c\u91cd\u3002 <strong>\u6211\u5011\u9700\u8981\u8a8d\u53ef\u6211\u5011\u7684\u5925\u4f34\u652f\u6301\uff0c\u56e0\u70ba\u6709\u60a8\u6211\u5011\u624d\u80fd\u7e7c\u7e8c\u5728\u4e16\u4e0a\u5275\u9020\u6642\u5c1a\u7f8e\u597d\u54c1\u5473\u7684\u751f\u6d3b\u74b0\u5883\uff01<\/strong><\/p>\n<p>&nbsp;<\/p>\n","protected":false},"excerpt":{"rendered":"<p>\u9019\u526f\u4f5c\u54c1\u8981\u5e36\u7d66\u4f60\u7684\u4e0d\u50c5\u50c5\u662f\u64b2\u514b\u724c\uff0c\u800c\u662f\u5176\u80cc\u5f8c\u5145\u6eff\u6b77\u53f2\u6df5\u6e90\u7684\u6545\u4e8b\u3002\u65e5\u5195\u64b2\u514b\u9748\u611f\u4f86\u81ea\u65bc\u8d8a\u5357\u9752\u9285\u5668\u6642\u671f\u7684\u6771\u5c71\u6587\u5316 ( [&hellip;]<\/p>\n","protected":false},"featured_media":23967,"comment_status":"open","ping_status":"closed","template":"","meta":[],"product_cat":[77,111,479,85,79],"product_tag":[622,103,93,575],"aioseo_notices":[],"_links":{"self":[{"href":"https:\/\/bombmagic.tw\/store\/zh-hant\/wp-json\/wp\/v2\/product\/25090"}],"collection":[{"href":"https:\/\/bombmagic.tw\/store\/zh-hant\/wp-json\/wp\/v2\/product"}],"about":[{"href":"https:\/\/bombmagic.tw\/store\/zh-hant\/wp-json\/wp\/v2\/types\/product"}],"replies":[{"embeddable":true,"href":"https:\/\/bombmagic.tw\/store\/zh-hant\/wp-json\/wp\/v2\/comments?post=25090"}],"wp:featuredmedia":[{"embeddable":true,"href":"https:\/\/bombmagic.tw\/store\/zh-hant\/wp-json\/wp\/v2\/media\/23967"}],"wp:attachment":[{"href":"https:\/\/bombmagic.tw\/store\/zh-hant\/wp-json\/wp\/v2\/media?parent=25090"}],"wp:term":[{"taxonomy":"product_cat","embeddable":true,"href":"https:\/\/bombmagic.tw\/store\/zh-hant\/wp-json\/wp\/v2\/product_cat?post=25090"},{"taxonomy":"product_tag","embeddable":true,"href":"https:\/\/bombmagic.tw\/store\/zh-hant\/wp-json\/wp\/v2\/product_tag?post=25090"}],"curies":[{"name":"wp","href":"https:\/\/api.w.org\/{rel}","templated":true}]}}